{"id":198,"date":"2025-08-14T14:33:06","date_gmt":"2025-08-14T14:33:06","guid":{"rendered":"https:\/\/agenciablnk.com\/sorrisus\/?page_id=198"},"modified":"2025-08-15T13:31:53","modified_gmt":"2025-08-15T13:31:53","slug":"tratamentos","status":"publish","type":"page","link":"https:\/\/agenciablnk.com\/sorrisus\/tratamentos\/","title":{"rendered":"Tratamentos"},"content":{"rendered":"\t\t<div data-elementor-type=\"wp-page\" data-elementor-id=\"198\" class=\"elementor elementor-198\" data-elementor-post-type=\"page\">\n\t\t\t\t<div class=\"elementor-element elementor-element-598dcd0 e-con-full e-flex e-con e-parent\" data-id=\"598dcd0\" data-element_type=\"container\" data-settings=\"{&quot;background_background&quot;:&quot;classic&quot;}\">\n\t\t\t\t<div class=\"elementor-element elementor-element-7ef1630 elementor-widget__width-initial elementor-widget elementor-widget-heading\" data-id=\"7ef1630\" data-element_type=\"widget\" data-widget_type=\"heading.default\">\n\t\t\t\t\t<h1 class=\"elementor-heading-title elementor-size-default\">Tratamentos<\/h1>\t\t\t\t<\/div>\n\t\t\t\t<div class=\"elementor-element elementor-element-b12a3db elementor-widget__width-initial elementor-widget elementor-widget-heading\" data-id=\"b12a3db\" data-element_type=\"widget\" data-widget_type=\"heading.default\">\n\t\t\t\t\t<h2 class=\"elementor-heading-title elementor-size-default\">Queremos proporcionar a voc\u00ea um tratamento de excel\u00eancia com foco na reabilita\u00e7\u00e3o e est\u00e9tica,\n\nobjetivando a manuten\u00e7\u00e3o de sua sa\u00fade bucal. <\/h2>\t\t\t\t<\/div>\n\t\t\t\t<\/div>\n\t\t<div class=\"elementor-element elementor-element-15e4ecb e-flex e-con-boxed e-con e-parent\" data-id=\"15e4ecb\" data-element_type=\"container\" data-settings=\"{&quot;background_background&quot;:&quot;classic&quot;}\">\n\t\t\t\t\t<div class=\"e-con-inner\">\n\t\t<div class=\"elementor-element elementor-element-9be96de e-flex e-con-boxed e-con e-child\" data-id=\"9be96de\" data-element_type=\"container\" data-settings=\"{&quot;background_background&quot;:&quot;classic&quot;}\">\n\t\t\t\t\t<div class=\"e-con-inner\">\n\t\t<div class=\"elementor-element elementor-element-aea0064 e-con-full e-flex e-con e-child\" data-id=\"aea0064\" data-element_type=\"container\">\n\t\t\t\t<div class=\"elementor-element elementor-element-124c104 elementor-widget-divider--view-line elementor-widget elementor-widget-divider\" data-id=\"124c104\" data-element_type=\"widget\" data-widget_type=\"divider.default\">\n\t\t\t\t\t\t\t<div class=\"elementor-divider\">\n\t\t\t<span class=\"elementor-divider-separator\">\n\t\t\t\t\t\t<\/span>\n\t\t<\/div>\n\t\t\t\t\t\t<\/div>\n\t\t\t\t<div class=\"elementor-element elementor-element-921ab45 elementor-widget__width-initial elementor-widget elementor-widget-heading\" data-id=\"921ab45\" data-element_type=\"widget\" data-widget_type=\"heading.default\">\n\t\t\t\t\t<h2 class=\"elementor-heading-title elementor-size-default\">Tratamento de qualidade\ncom equipe especializada.<\/h2>\t\t\t\t<\/div>\n\t\t\t\t<div class=\"elementor-element elementor-element-ec96a8d elementor-widget__width-initial elementor-widget elementor-widget-heading\" data-id=\"ec96a8d\" data-element_type=\"widget\" data-widget_type=\"heading.default\">\n\t\t\t\t\t<h2 class=\"elementor-heading-title elementor-size-default\"> \n\nConhe\u00e7a nossas principais solu\u00e7\u00f5es e agende j\u00e1 a sua avalia\u00e7\u00e3o. Oferecemos tratamento est\u00e9tico, lentes de contato, implantes,  pr\u00f3teses, ortodontia, endodontia, cl\u00ednica geral e preven\u00e7\u00e3o, endodontia, periodontia e cirurgias.<\/h2>\t\t\t\t<\/div>\n\t\t\t\t<div class=\"elementor-element elementor-element-5652385 elementor-widget elementor-widget-button\" data-id=\"5652385\" data-element_type=\"widget\" data-widget_type=\"button.default\">\n\t\t\t\t\t\t\t\t\t\t<a class=\"elementor-button elementor-button-link elementor-size-sm\" href=\"https:\/\/agenciablnk.com\/sorrisus\/agendamento\/\" target=\"_blank\">\n\t\t\t\t\t\t<span class=\"elementor-button-content-wrapper\">\n\t\t\t\t\t\t\t\t\t<span class=\"elementor-button-text\">AGENDAMENTO<\/span>\n\t\t\t\t\t<\/span>\n\t\t\t\t\t<\/a>\n\t\t\t\t\t\t\t\t<\/div>\n\t\t\t\t<\/div>\n\t\t\t\t<div class=\"elementor-element elementor-element-8f58a26 elementor-widget__width-initial elementor-widget-tablet__width-inherit elementor-widget elementor-widget-image\" data-id=\"8f58a26\" data-element_type=\"widget\" data-widget_type=\"image.default\">\n\t\t\t\t\t\t\t\t\t\t\t\t\t\t\t<img fetchpriority=\"high\" decoding=\"async\" width=\"800\" height=\"600\" src=\"https:\/\/agenciablnk.com\/sorrisus\/wp-content\/uploads\/2025\/08\/sorrisus-maceio-tratamentos.jpeg\" class=\"attachment-full size-full wp-image-255\" alt=\"\" srcset=\"https:\/\/agenciablnk.com\/sorrisus\/wp-content\/uploads\/2025\/08\/sorrisus-maceio-tratamentos.jpeg 800w, https:\/\/agenciablnk.com\/sorrisus\/wp-content\/uploads\/2025\/08\/sorrisus-maceio-tratamentos-300x225.jpeg 300w, https:\/\/agenciablnk.com\/sorrisus\/wp-content\/uploads\/2025\/08\/sorrisus-maceio-tratamentos-768x576.jpeg 768w\" sizes=\"(max-width: 800px) 100vw, 800px\" \/>\t\t\t\t\t\t\t\t\t\t\t\t\t\t\t<\/div>\n\t\t\t\t\t<\/div>\n\t\t\t\t<\/div>\n\t\t\t\t\t<\/div>\n\t\t\t\t<\/div>\n\t\t<div class=\"elementor-element elementor-element-547d148 e-flex e-con-boxed e-con e-parent\" data-id=\"547d148\" data-element_type=\"container\">\n\t\t\t\t\t<div class=\"e-con-inner\">\n\t\t\t\t<div class=\"elementor-element elementor-element-18153ac elementor-widget__width-initial elementor-widget-mobile__width-initial elementor-widget elementor-widget-video\" data-id=\"18153ac\" data-element_type=\"widget\" data-settings=\"{&quot;youtube_url&quot;:&quot;https:\\\/\\\/www.youtube.com\\\/watch?v=TWlQeacv5Cg&quot;,&quot;video_type&quot;:&quot;youtube&quot;}\" data-widget_type=\"video.default\">\n\t\t\t\t\t\t\t<div class=\"elementor-wrapper elementor-open-inline\">\n\t\t\t<div class=\"elementor-video\"><\/div>\t\t<\/div>\n\t\t\t\t\t\t<\/div>\n\t\t\t\t\t<\/div>\n\t\t\t\t<\/div>\n\t\t<div class=\"elementor-element elementor-element-7d83ce4 e-flex e-con-boxed e-con e-parent\" data-id=\"7d83ce4\" data-element_type=\"container\" data-settings=\"{&quot;background_background&quot;:&quot;classic&quot;}\">\n\t\t\t\t\t<div class=\"e-con-inner\">\n\t\t\t\t<div class=\"elementor-element elementor-element-6a4eb21 elementor-widget__width-initial elementor-widget-mobile__width-inherit elementor-widget elementor-widget-heading\" data-id=\"6a4eb21\" data-element_type=\"widget\" data-widget_type=\"heading.default\">\n\t\t\t\t\t<h2 class=\"elementor-heading-title elementor-size-default\">Sa\u00fade, auto-estima e cuidado com voc\u00ea<\/h2>\t\t\t\t<\/div>\n\t\t\t\t<div class=\"elementor-element elementor-element-becedb5 elementor-widget__width-initial elementor-widget elementor-widget-heading\" data-id=\"becedb5\" data-element_type=\"widget\" data-widget_type=\"heading.default\">\n\t\t\t\t\t<h2 class=\"elementor-heading-title elementor-size-default\">Na Sorrisus Macei\u00f3, sabemos cuidar de voc\u00ea e da sua fam\u00edlia!<\/h2>\t\t\t\t<\/div>\n\t\t\t\t<div class=\"elementor-element elementor-element-a3fd3ce elementor-widget elementor-widget-button\" data-id=\"a3fd3ce\" data-element_type=\"widget\" data-widget_type=\"button.default\">\n\t\t\t\t\t\t\t\t\t\t<a class=\"elementor-button elementor-button-link elementor-size-sm\" href=\"https:\/\/agenciablnk.com\/sorrisus\/consultorio\/\" target=\"_blank\">\n\t\t\t\t\t\t<span class=\"elementor-button-content-wrapper\">\n\t\t\t\t\t\t\t\t\t<span class=\"elementor-button-text\">CONSULT\u00d3RIO<\/span>\n\t\t\t\t\t<\/span>\n\t\t\t\t\t<\/a>\n\t\t\t\t\t\t\t\t<\/div>\n\t\t\t\t<div class=\"elementor-element elementor-element-73595ed elementor-widget__width-initial elementor-widget-mobile__width-initial elementor-widget elementor-widget-video\" data-id=\"73595ed\" data-element_type=\"widget\" data-settings=\"{&quot;youtube_url&quot;:&quot;https:\\\/\\\/www.youtube.com\\\/watch?v=JBuw8prbYfg&quot;,&quot;video_type&quot;:&quot;youtube&quot;}\" data-widget_type=\"video.default\">\n\t\t\t\t\t\t\t<div class=\"elementor-wrapper elementor-open-inline\">\n\t\t\t<div class=\"elementor-video\"><\/div>\t\t<\/div>\n\t\t\t\t\t\t<\/div>\n\t\t\t\t\t<\/div>\n\t\t\t\t<\/div>\n\t\t<div class=\"elementor-element elementor-element-f295500 e-flex e-con-boxed e-con e-parent\" data-id=\"f295500\" data-element_type=\"container\" data-settings=\"{&quot;background_background&quot;:&quot;classic&quot;}\">\n\t\t\t\t\t<div class=\"e-con-inner\">\n\t\t\t\t<div class=\"elementor-element elementor-element-e97192e elementor-widget__width-inherit elementor-widget elementor-widget-heading\" data-id=\"e97192e\" data-element_type=\"widget\" data-widget_type=\"heading.default\">\n\t\t\t\t\t<h2 class=\"elementor-heading-title elementor-size-default\">Tratamentos oferecidos<\/h2>\t\t\t\t<\/div>\n\t\t<div class=\"elementor-element elementor-element-d963f87 e-con-full e-flex e-con e-child\" data-id=\"d963f87\" data-element_type=\"container\">\n\t\t\t\t<div class=\"elementor-element elementor-element-8b57808 elementor-widget__width-initial elementor-widget elementor-widget-icon-box\" data-id=\"8b57808\" data-element_type=\"widget\" data-widget_type=\"icon-box.default\">\n\t\t\t\t\t\t\t<div class=\"elementor-icon-box-wrapper\">\n\n\t\t\t\n\t\t\t\t\t\t<div class=\"elementor-icon-box-content\">\n\n\t\t\t\t\t\t\t\t\t<h3 class=\"elementor-icon-box-title\">\n\t\t\t\t\t\t<span  >\n\t\t\t\t\t\t\tEst\u00e9tica\t\t\t\t\t\t<\/span>\n\t\t\t\t\t<\/h3>\n\t\t\t\t\n\t\t\t\t\t\t\t\t\t<p class=\"elementor-icon-box-description\">\n\t\t\t\t\t\t- Clareamento caseiro;<BR>\n\n- Clareamento a laser;<BR>\n\n- Restaura\u00e7\u00e3o est\u00e9tica;<BR>\n\n- Facetas e lentes de contato. \t\t\t\t\t<\/p>\n\t\t\t\t\n\t\t\t<\/div>\n\t\t\t\n\t\t<\/div>\n\t\t\t\t\t\t<\/div>\n\t\t\t\t<div class=\"elementor-element elementor-element-732a564 elementor-widget__width-initial elementor-widget elementor-widget-icon-box\" data-id=\"732a564\" data-element_type=\"widget\" data-widget_type=\"icon-box.default\">\n\t\t\t\t\t\t\t<div class=\"elementor-icon-box-wrapper\">\n\n\t\t\t\n\t\t\t\t\t\t<div class=\"elementor-icon-box-content\">\n\n\t\t\t\t\t\t\t\t\t<h3 class=\"elementor-icon-box-title\">\n\t\t\t\t\t\t<span  >\n\t\t\t\t\t\t\tImplantes e Pr\u00f3teses\t\t\t\t\t\t<\/span>\n\t\t\t\t\t<\/h3>\n\t\t\t\t\n\t\t\t\t\t\t\t\t\t<p class=\"elementor-icon-box-description\">\n\t\t\t\t\t\t- Implantes unit\u00e1rios;<br>\n\n- Implante e pr\u00f3tese protocolo;<br>\n\n- Pr\u00f3teses parciais e totais. \t\t\t\t\t<\/p>\n\t\t\t\t\n\t\t\t<\/div>\n\t\t\t\n\t\t<\/div>\n\t\t\t\t\t\t<\/div>\n\t\t\t\t<div class=\"elementor-element elementor-element-2ba56da elementor-widget__width-initial elementor-widget elementor-widget-icon-box\" data-id=\"2ba56da\" data-element_type=\"widget\" data-widget_type=\"icon-box.default\">\n\t\t\t\t\t\t\t<div class=\"elementor-icon-box-wrapper\">\n\n\t\t\t\n\t\t\t\t\t\t<div class=\"elementor-icon-box-content\">\n\n\t\t\t\t\t\t\t\t\t<h3 class=\"elementor-icon-box-title\">\n\t\t\t\t\t\t<span  >\n\t\t\t\t\t\t\tOrtodontia\t\t\t\t\t\t<\/span>\n\t\t\t\t\t<\/h3>\n\t\t\t\t\n\t\t\t\t\t\t\t\t\t<p class=\"elementor-icon-box-description\">\n\t\t\t\t\t\t- Aparelho ortod\u00f4ntico fixo e m\u00f3vel;<br>\n\n- Aparelho met\u00e1lico, cer\u00e2mico, safira; \t\t\t\t\t<\/p>\n\t\t\t\t\n\t\t\t<\/div>\n\t\t\t\n\t\t<\/div>\n\t\t\t\t\t\t<\/div>\n\t\t\t\t<div class=\"elementor-element elementor-element-2e51d0e elementor-widget__width-initial elementor-widget elementor-widget-icon-box\" data-id=\"2e51d0e\" data-element_type=\"widget\" data-widget_type=\"icon-box.default\">\n\t\t\t\t\t\t\t<div class=\"elementor-icon-box-wrapper\">\n\n\t\t\t\n\t\t\t\t\t\t<div class=\"elementor-icon-box-content\">\n\n\t\t\t\t\t\t\t\t\t<h3 class=\"elementor-icon-box-title\">\n\t\t\t\t\t\t<span  >\n\t\t\t\t\t\t\tCl\u00ednica Geral\t\t\t\t\t\t<\/span>\n\t\t\t\t\t<\/h3>\n\t\t\t\t\n\t\t\t\t\t\t\t\t\t<p class=\"elementor-icon-box-description\">\n\t\t\t\t\t\t- Limpeza;<br>\n\n- Remo\u00e7\u00e3o de t\u00e1rtaro;\n<br>\n- Restaura\u00e7\u00f5es. \n\n \t\t\t\t\t<\/p>\n\t\t\t\t\n\t\t\t<\/div>\n\t\t\t\n\t\t<\/div>\n\t\t\t\t\t\t<\/div>\n\t\t\t\t<div class=\"elementor-element elementor-element-05101a1 elementor-widget__width-initial elementor-widget elementor-widget-icon-box\" data-id=\"05101a1\" data-element_type=\"widget\" data-widget_type=\"icon-box.default\">\n\t\t\t\t\t\t\t<div class=\"elementor-icon-box-wrapper\">\n\n\t\t\t\n\t\t\t\t\t\t<div class=\"elementor-icon-box-content\">\n\n\t\t\t\t\t\t\t\t\t<h3 class=\"elementor-icon-box-title\">\n\t\t\t\t\t\t<span  >\n\t\t\t\t\t\t\tRadiologia  \t\t\t\t\t\t<\/span>\n\t\t\t\t\t<\/h3>\n\t\t\t\t\n\t\t\t\t\t\t\t\t\t<p class=\"elementor-icon-box-description\">\n\t\t\t\t\t\t- Raio-x periapical;<br>\n\n- Raio-x panor\u00e2mico; <br>\n\n- Tomografia. \n\n \t\t\t\t\t<\/p>\n\t\t\t\t\n\t\t\t<\/div>\n\t\t\t\n\t\t<\/div>\n\t\t\t\t\t\t<\/div>\n\t\t\t\t<div class=\"elementor-element elementor-element-ad012b5 elementor-widget__width-initial elementor-widget elementor-widget-icon-box\" data-id=\"ad012b5\" data-element_type=\"widget\" data-widget_type=\"icon-box.default\">\n\t\t\t\t\t\t\t<div class=\"elementor-icon-box-wrapper\">\n\n\t\t\t\n\t\t\t\t\t\t<div class=\"elementor-icon-box-content\">\n\n\t\t\t\t\t\t\t\t\t<h3 class=\"elementor-icon-box-title\">\n\t\t\t\t\t\t<span  >\n\t\t\t\t\t\t\tOutros\t\t\t\t\t\t<\/span>\n\t\t\t\t\t<\/h3>\n\t\t\t\t\n\t\t\t\t\t\t\t\t\t<p class=\"elementor-icon-box-description\">\n\t\t\t\t\t\t- Anestesia computadorizada; <br>\n\n- Laserterapia;<br>\n\n- Denst\u00edstica;<br>\n\n- Endodontia;<br>\n\n- Pediatria;<br>\n\n- Periodontia; <br>\n\n- E muito mais.\t\t\t\t\t<\/p>\n\t\t\t\t\n\t\t\t<\/div>\n\t\t\t\n\t\t<\/div>\n\t\t\t\t\t\t<\/div>\n\t\t\t\t<\/div>\n\t\t\t\t\t<\/div>\n\t\t\t\t<\/div>\n\t\t\t\t<\/div>\n\t\t","protected":false},"excerpt":{"rendered":"<p>Tratamentos Queremos proporcionar a voc\u00ea um tratamento de excel\u00eancia com foco na reabilita\u00e7\u00e3o e est\u00e9tica, objetivando a manuten\u00e7\u00e3o de sua sa\u00fade bucal. Tratamento de qualidade com equipe especializada. Conhe\u00e7a nossas principais solu\u00e7\u00f5es e agende j\u00e1 a sua avalia\u00e7\u00e3o. Oferecemos tratamento est\u00e9tico, lentes de contato, implantes, pr\u00f3teses, ortodontia, endodontia, cl\u00ednica geral e preven\u00e7\u00e3o, endodontia, periodontia e [&hellip;]<\/p>\n","protected":false},"author":1,"featured_media":0,"parent":0,"menu_order":0,"comment_status":"closed","ping_status":"closed","template":"","meta":{"footnotes":""},"class_list":["post-198","page","type-page","status-publish","hentry"],"_links":{"self":[{"href":"https:\/\/agenciablnk.com\/sorrisus\/wp-json\/wp\/v2\/pages\/198","targetHints":{"allow":["GET"]}}],"collection":[{"href":"https:\/\/agenciablnk.com\/sorrisus\/wp-json\/wp\/v2\/pages"}],"about":[{"href":"https:\/\/agenciablnk.com\/sorrisus\/wp-json\/wp\/v2\/types\/page"}],"author":[{"embeddable":true,"href":"https:\/\/agenciablnk.com\/sorrisus\/wp-json\/wp\/v2\/users\/1"}],"replies":[{"embeddable":true,"href":"https:\/\/agenciablnk.com\/sorrisus\/wp-json\/wp\/v2\/comments?post=198"}],"version-history":[{"count":70,"href":"https:\/\/agenciablnk.com\/sorrisus\/wp-json\/wp\/v2\/pages\/198\/revisions"}],"predecessor-version":[{"id":530,"href":"https:\/\/agenciablnk.com\/sorrisus\/wp-json\/wp\/v2\/pages\/198\/revisions\/530"}],"wp:attachment":[{"href":"https:\/\/agenciablnk.com\/sorrisus\/wp-json\/wp\/v2\/media?parent=198"}],"curies":[{"name":"wp","href":"https:\/\/api.w.org\/{rel}","templated":true}]}}