{"id":200,"date":"2025-08-14T14:33:18","date_gmt":"2025-08-14T14:33:18","guid":{"rendered":"https:\/\/agenciablnk.com\/sorrisus\/?page_id=200"},"modified":"2025-08-15T13:33:29","modified_gmt":"2025-08-15T13:33:29","slug":"consultorio","status":"publish","type":"page","link":"https:\/\/agenciablnk.com\/sorrisus\/consultorio\/","title":{"rendered":"Consult\u00f3rio"},"content":{"rendered":"\t\t<div data-elementor-type=\"wp-page\" data-elementor-id=\"200\" class=\"elementor elementor-200\" data-elementor-post-type=\"page\">\n\t\t\t\t<div class=\"elementor-element elementor-element-9a8811a e-con-full e-flex e-con e-parent\" data-id=\"9a8811a\" data-element_type=\"container\" data-settings=\"{&quot;background_background&quot;:&quot;classic&quot;}\">\n\t\t\t\t<div class=\"elementor-element elementor-element-2cbbaad elementor-widget__width-initial elementor-widget-mobile__width-inherit elementor-widget elementor-widget-heading\" data-id=\"2cbbaad\" data-element_type=\"widget\" data-widget_type=\"heading.default\">\n\t\t\t\t\t<h1 class=\"elementor-heading-title elementor-size-default\">Sejam bem-vindos a Sorrisus<\/h1>\t\t\t\t<\/div>\n\t\t\t\t<div class=\"elementor-element elementor-element-790c719 elementor-widget__width-initial elementor-widget elementor-widget-heading\" data-id=\"790c719\" data-element_type=\"widget\" data-widget_type=\"heading.default\">\n\t\t\t\t\t<h2 class=\"elementor-heading-title elementor-size-default\">Transformando sorrisos e buscando atender as necessidades e desejos de nossos pacientes.\n\nQueremos oferecer as melhores solu\u00e7\u00f5es para sua sa\u00fade bucal.<\/h2>\t\t\t\t<\/div>\n\t\t\t\t<\/div>\n\t\t<div class=\"elementor-element elementor-element-bd154c5 e-flex e-con-boxed e-con e-parent\" data-id=\"bd154c5\" data-element_type=\"container\" data-settings=\"{&quot;background_background&quot;:&quot;classic&quot;}\">\n\t\t\t\t\t<div class=\"e-con-inner\">\n\t\t<div class=\"elementor-element elementor-element-6fba1dd e-flex e-con-boxed e-con e-child\" data-id=\"6fba1dd\" data-element_type=\"container\" data-settings=\"{&quot;background_background&quot;:&quot;classic&quot;}\">\n\t\t\t\t\t<div class=\"e-con-inner\">\n\t\t<div class=\"elementor-element elementor-element-15aea18 e-con-full e-flex e-con e-child\" data-id=\"15aea18\" data-element_type=\"container\">\n\t\t\t\t<div class=\"elementor-element elementor-element-a38bf3b elementor-widget-divider--view-line elementor-widget elementor-widget-divider\" data-id=\"a38bf3b\" data-element_type=\"widget\" data-widget_type=\"divider.default\">\n\t\t\t\t\t\t\t<div class=\"elementor-divider\">\n\t\t\t<span class=\"elementor-divider-separator\">\n\t\t\t\t\t\t<\/span>\n\t\t<\/div>\n\t\t\t\t\t\t<\/div>\n\t\t\t\t<div class=\"elementor-element elementor-element-3476dd0 elementor-widget__width-initial elementor-widget elementor-widget-heading\" data-id=\"3476dd0\" data-element_type=\"widget\" data-widget_type=\"heading.default\">\n\t\t\t\t\t<h2 class=\"elementor-heading-title elementor-size-default\">Estrutura<\/h2>\t\t\t\t<\/div>\n\t\t\t\t<div class=\"elementor-element elementor-element-176e090 elementor-widget__width-initial elementor-widget elementor-widget-heading\" data-id=\"176e090\" data-element_type=\"widget\" data-widget_type=\"heading.default\">\n\t\t\t\t\t<h2 class=\"elementor-heading-title elementor-size-default\"> \n\nA Sorrisus Macei\u00f3 busca constante atualiza\u00e7\u00e3o das t\u00e9cnicas odontol\u00f3gicas aliando a tecnologia de \u00faltima gera\u00e7\u00e3o, tudo isso para permitir oferecer solu\u00e7\u00f5es odontol\u00f3gicas para os mais complexos tratamentos.<\/h2>\t\t\t\t<\/div>\n\t\t\t\t<div class=\"elementor-element elementor-element-d1665fe elementor-widget elementor-widget-button\" data-id=\"d1665fe\" data-element_type=\"widget\" data-widget_type=\"button.default\">\n\t\t\t\t\t\t\t\t\t\t<a class=\"elementor-button elementor-button-link elementor-size-sm\" href=\"https:\/\/www.google.com\/maps\/place\/Sorrisus+Macei%C3%B3\/@-9.651385,-35.7153562,17z\/data=!3m1!4b1!4m6!3m5!1s0x70145f86f6f00d3:0xa059e0f5ccced858!8m2!3d-9.651385!4d-35.7131675!16s%2Fg%2F11f7b0fwx7?client=opera&#038;q=sorrisus+maceio&#038;oe=UTF-8&#038;um=1&#038;ie=UTF-8&#038;sa=X&#038;ved=2ahUKEwijmO2GgPH9AhUDiJUCHQ4dBfEQ_AUoAnoECAEQBA&#038;coh=164777&#038;entry=tt&#038;shorturl=1\" target=\"_blank\">\n\t\t\t\t\t\t<span class=\"elementor-button-content-wrapper\">\n\t\t\t\t\t\t\t\t\t<span class=\"elementor-button-text\">FA\u00c7A NOS UMA VISITA!<\/span>\n\t\t\t\t\t<\/span>\n\t\t\t\t\t<\/a>\n\t\t\t\t\t\t\t\t<\/div>\n\t\t\t\t<\/div>\n\t\t\t\t<div class=\"elementor-element elementor-element-77737d6 elementor-widget__width-initial elementor-widget-tablet__width-inherit elementor-widget elementor-widget-image\" data-id=\"77737d6\" data-element_type=\"widget\" data-widget_type=\"image.default\">\n\t\t\t\t\t\t\t\t\t\t\t\t\t\t\t<img fetchpriority=\"high\" decoding=\"async\" width=\"768\" height=\"1024\" src=\"https:\/\/agenciablnk.com\/sorrisus\/wp-content\/uploads\/2025\/08\/CONSULTORIO-SORRISUS-MACEIO-1.jpg\" class=\"attachment-full size-full wp-image-293\" alt=\"\" srcset=\"https:\/\/agenciablnk.com\/sorrisus\/wp-content\/uploads\/2025\/08\/CONSULTORIO-SORRISUS-MACEIO-1.jpg 768w, https:\/\/agenciablnk.com\/sorrisus\/wp-content\/uploads\/2025\/08\/CONSULTORIO-SORRISUS-MACEIO-1-225x300.jpg 225w\" sizes=\"(max-width: 768px) 100vw, 768px\" \/>\t\t\t\t\t\t\t\t\t\t\t\t\t\t\t<\/div>\n\t\t\t\t\t<\/div>\n\t\t\t\t<\/div>\n\t\t\t\t\t<\/div>\n\t\t\t\t<\/div>\n\t\t<div class=\"elementor-element elementor-element-9f8e5f6 e-flex e-con-boxed e-con e-parent\" data-id=\"9f8e5f6\" data-element_type=\"container\" data-settings=\"{&quot;background_background&quot;:&quot;classic&quot;}\">\n\t\t\t\t\t<div class=\"e-con-inner\">\n\t\t\t\t<div class=\"elementor-element elementor-element-4d8aa10 elementor-widget__width-initial elementor-widget-mobile__width-inherit elementor-widget elementor-widget-heading\" data-id=\"4d8aa10\" data-element_type=\"widget\" data-widget_type=\"heading.default\">\n\t\t\t\t\t<h2 class=\"elementor-heading-title elementor-size-default\">Refer\u00eancia no segmento odontol\u00f3gico<\/h2>\t\t\t\t<\/div>\n\t\t\t\t<div class=\"elementor-element elementor-element-a078b2e elementor-widget__width-initial elementor-widget elementor-widget-heading\" data-id=\"a078b2e\" data-element_type=\"widget\" data-widget_type=\"heading.default\">\n\t\t\t\t\t<h2 class=\"elementor-heading-title elementor-size-default\">Al\u00e9m de toda infra-estrutura e tecnologia, contamos com corpo cl\u00ednico altamente qualificado, todos os dentistas s\u00e3o especialistas.<\/h2>\t\t\t\t<\/div>\n\t\t\t\t<div class=\"elementor-element elementor-element-87ff5ed elementor-widget elementor-widget-button\" data-id=\"87ff5ed\" data-element_type=\"widget\" data-widget_type=\"button.default\">\n\t\t\t\t\t\t\t\t\t\t<a class=\"elementor-button elementor-button-link elementor-size-sm\" href=\"https:\/\/agenciablnk.com\/sorrisus\/tratamentos\/\" target=\"_blank\">\n\t\t\t\t\t\t<span class=\"elementor-button-content-wrapper\">\n\t\t\t\t\t\t\t\t\t<span class=\"elementor-button-text\">TRATAMENTOS<\/span>\n\t\t\t\t\t<\/span>\n\t\t\t\t\t<\/a>\n\t\t\t\t\t\t\t\t<\/div>\n\t\t\t\t\t<\/div>\n\t\t\t\t<\/div>\n\t\t<div class=\"elementor-element elementor-element-1edf4d9 e-flex e-con-boxed e-con e-parent\" data-id=\"1edf4d9\" data-element_type=\"container\" data-settings=\"{&quot;background_background&quot;:&quot;classic&quot;}\">\n\t\t\t\t\t<div class=\"e-con-inner\">\n\t\t\t\t<div class=\"elementor-element elementor-element-d6c600d elementor-widget__width-initial elementor-widget elementor-widget-heading\" data-id=\"d6c600d\" data-element_type=\"widget\" data-widget_type=\"heading.default\">\n\t\t\t\t\t<h2 class=\"elementor-heading-title elementor-size-default\">Nossa estrutura<\/h2>\t\t\t\t<\/div>\n\t\t\t\t<div class=\"elementor-element elementor-element-58790bf elementor-widget elementor-widget-gallery\" data-id=\"58790bf\" data-element_type=\"widget\" data-settings=\"{&quot;columns&quot;:2,&quot;lazyload&quot;:&quot;yes&quot;,&quot;gallery_layout&quot;:&quot;grid&quot;,&quot;columns_tablet&quot;:2,&quot;columns_mobile&quot;:1,&quot;gap&quot;:{&quot;unit&quot;:&quot;px&quot;,&quot;size&quot;:10,&quot;sizes&quot;:[]},&quot;gap_tablet&quot;:{&quot;unit&quot;:&quot;px&quot;,&quot;size&quot;:10,&quot;sizes&quot;:[]},&quot;gap_mobile&quot;:{&quot;unit&quot;:&quot;px&quot;,&quot;size&quot;:10,&quot;sizes&quot;:[]},&quot;link_to&quot;:&quot;file&quot;,&quot;aspect_ratio&quot;:&quot;3:2&quot;,&quot;overlay_background&quot;:&quot;yes&quot;,&quot;content_hover_animation&quot;:&quot;fade-in&quot;}\" data-widget_type=\"gallery.default\">\n\t\t\t\t\t\t\t<div class=\"elementor-gallery__container\">\n\t\t\t\t\t\t\t<a class=\"e-gallery-item elementor-gallery-item elementor-animated-content\" href=\"https:\/\/agenciablnk.com\/sorrisus\/wp-content\/uploads\/2025\/08\/CONSULTORIO-SORRISUS-MACEIO.jpg\" data-elementor-open-lightbox=\"yes\" data-elementor-lightbox-slideshow=\"58790bf\" data-elementor-lightbox-title=\"CONSULTORIO SORRISUS MACEIO\" data-e-action-hash=\"#elementor-action%3Aaction%3Dlightbox%26settings%3DeyJpZCI6NTgsInVybCI6Imh0dHBzOlwvXC9hZ2VuY2lhYmxuay5jb21cL3NvcnJpc3VzXC93cC1jb250ZW50XC91cGxvYWRzXC8yMDI1XC8wOFwvQ09OU1VMVE9SSU8tU09SUklTVVMtTUFDRUlPLmpwZyIsInNsaWRlc2hvdyI6IjU4NzkwYmYifQ%3D%3D\">\n\t\t\t\t\t<div class=\"e-gallery-image elementor-gallery-item__image\" data-thumbnail=\"https:\/\/agenciablnk.com\/sorrisus\/wp-content\/uploads\/2025\/08\/CONSULTORIO-SORRISUS-MACEIO.jpg\" data-width=\"1920\" data-height=\"2560\" aria-label=\"\" role=\"img\" ><\/div>\n\t\t\t\t\t\t\t\t\t\t\t<div class=\"elementor-gallery-item__overlay\"><\/div>\n\t\t\t\t\t\t\t\t\t\t\t\t\t\t<\/a>\n\t\t\t\t\t\t\t<a class=\"e-gallery-item elementor-gallery-item elementor-animated-content\" href=\"https:\/\/agenciablnk.com\/sorrisus\/wp-content\/uploads\/2025\/08\/CONSULTORIO-SORRISUS-MACEIO-2.jpg\" data-elementor-open-lightbox=\"yes\" data-elementor-lightbox-slideshow=\"58790bf\" data-elementor-lightbox-title=\"CONSULTORIO SORRISUS MACEIO 2\" data-e-action-hash=\"#elementor-action%3Aaction%3Dlightbox%26settings%3DeyJpZCI6NjQsInVybCI6Imh0dHBzOlwvXC9hZ2VuY2lhYmxuay5jb21cL3NvcnJpc3VzXC93cC1jb250ZW50XC91cGxvYWRzXC8yMDI1XC8wOFwvQ09OU1VMVE9SSU8tU09SUklTVVMtTUFDRUlPLTIuanBnIiwic2xpZGVzaG93IjoiNTg3OTBiZiJ9\">\n\t\t\t\t\t<div class=\"e-gallery-image elementor-gallery-item__image\" data-thumbnail=\"https:\/\/agenciablnk.com\/sorrisus\/wp-content\/uploads\/2025\/08\/CONSULTORIO-SORRISUS-MACEIO-2.jpg\" data-width=\"1080\" data-height=\"1440\" aria-label=\"\" role=\"img\" ><\/div>\n\t\t\t\t\t\t\t\t\t\t\t<div class=\"elementor-gallery-item__overlay\"><\/div>\n\t\t\t\t\t\t\t\t\t\t\t\t\t\t<\/a>\n\t\t\t\t\t\t\t<a class=\"e-gallery-item elementor-gallery-item elementor-animated-content\" href=\"https:\/\/agenciablnk.com\/sorrisus\/wp-content\/uploads\/2025\/08\/CONSULTORIO-SORRISUS-MACEIO-5.jpg\" data-elementor-open-lightbox=\"yes\" data-elementor-lightbox-slideshow=\"58790bf\" data-elementor-lightbox-title=\"CONSULTORIO SORRISUS MACEIO 5\" data-e-action-hash=\"#elementor-action%3Aaction%3Dlightbox%26settings%3DeyJpZCI6NjMsInVybCI6Imh0dHBzOlwvXC9hZ2VuY2lhYmxuay5jb21cL3NvcnJpc3VzXC93cC1jb250ZW50XC91cGxvYWRzXC8yMDI1XC8wOFwvQ09OU1VMVE9SSU8tU09SUklTVVMtTUFDRUlPLTUuanBnIiwic2xpZGVzaG93IjoiNTg3OTBiZiJ9\">\n\t\t\t\t\t<div class=\"e-gallery-image elementor-gallery-item__image\" data-thumbnail=\"https:\/\/agenciablnk.com\/sorrisus\/wp-content\/uploads\/2025\/08\/CONSULTORIO-SORRISUS-MACEIO-5.jpg\" data-width=\"1080\" data-height=\"1440\" aria-label=\"\" role=\"img\" ><\/div>\n\t\t\t\t\t\t\t\t\t\t\t<div class=\"elementor-gallery-item__overlay\"><\/div>\n\t\t\t\t\t\t\t\t\t\t\t\t\t\t<\/a>\n\t\t\t\t\t\t\t<a class=\"e-gallery-item elementor-gallery-item elementor-animated-content\" href=\"https:\/\/agenciablnk.com\/sorrisus\/wp-content\/uploads\/2025\/08\/CONSULTORIO-SORRISUS-MACEIO-3.jpg\" data-elementor-open-lightbox=\"yes\" data-elementor-lightbox-slideshow=\"58790bf\" data-elementor-lightbox-title=\"CONSULTORIO SORRISUS MACEIO 3\" data-e-action-hash=\"#elementor-action%3Aaction%3Dlightbox%26settings%3DeyJpZCI6NjUsInVybCI6Imh0dHBzOlwvXC9hZ2VuY2lhYmxuay5jb21cL3NvcnJpc3VzXC93cC1jb250ZW50XC91cGxvYWRzXC8yMDI1XC8wOFwvQ09OU1VMVE9SSU8tU09SUklTVVMtTUFDRUlPLTMuanBnIiwic2xpZGVzaG93IjoiNTg3OTBiZiJ9\">\n\t\t\t\t\t<div class=\"e-gallery-image elementor-gallery-item__image\" data-thumbnail=\"https:\/\/agenciablnk.com\/sorrisus\/wp-content\/uploads\/2025\/08\/CONSULTORIO-SORRISUS-MACEIO-3.jpg\" data-width=\"1080\" data-height=\"1440\" aria-label=\"\" role=\"img\" ><\/div>\n\t\t\t\t\t\t\t\t\t\t\t<div class=\"elementor-gallery-item__overlay\"><\/div>\n\t\t\t\t\t\t\t\t\t\t\t\t\t\t<\/a>\n\t\t\t\t\t<\/div>\n\t\t\t\t\t<\/div>\n\t\t<div class=\"elementor-element elementor-element-8d9afc9 e-con-full e-flex e-con e-child\" data-id=\"8d9afc9\" data-element_type=\"container\">\n\t\t\t\t<div class=\"elementor-element elementor-element-8ae7a2f elementor-widget__width-initial elementor-widget-mobile__width-inherit elementor-widget-tablet__width-inherit elementor-widget elementor-widget-video\" data-id=\"8ae7a2f\" data-element_type=\"widget\" data-settings=\"{&quot;youtube_url&quot;:&quot;https:\\\/\\\/www.youtube.com\\\/watch?v=BYl8sAaDZp8&quot;,&quot;video_type&quot;:&quot;youtube&quot;}\" data-widget_type=\"video.default\">\n\t\t\t\t\t\t\t<div class=\"elementor-wrapper elementor-open-inline\">\n\t\t\t<div class=\"elementor-video\"><\/div>\t\t<\/div>\n\t\t\t\t\t\t<\/div>\n\t\t\t\t<div class=\"elementor-element elementor-element-2d4200c elementor-widget__width-initial elementor-widget-mobile__width-inherit elementor-widget-tablet__width-inherit elementor-widget elementor-widget-video\" data-id=\"2d4200c\" data-element_type=\"widget\" data-settings=\"{&quot;youtube_url&quot;:&quot;https:\\\/\\\/www.youtube.com\\\/watch?v=auCDasDDD8Y&quot;,&quot;video_type&quot;:&quot;youtube&quot;}\" data-widget_type=\"video.default\">\n\t\t\t\t\t\t\t<div class=\"elementor-wrapper elementor-open-inline\">\n\t\t\t<div class=\"elementor-video\"><\/div>\t\t<\/div>\n\t\t\t\t\t\t<\/div>\n\t\t\t\t<div class=\"elementor-element elementor-element-2623dd0 elementor-widget__width-initial elementor-widget-mobile__width-inherit elementor-widget-tablet__width-inherit elementor-widget elementor-widget-video\" data-id=\"2623dd0\" data-element_type=\"widget\" data-settings=\"{&quot;youtube_url&quot;:&quot;https:\\\/\\\/www.youtube.com\\\/watch?v=trz6j3o6wPM&quot;,&quot;video_type&quot;:&quot;youtube&quot;}\" data-widget_type=\"video.default\">\n\t\t\t\t\t\t\t<div class=\"elementor-wrapper elementor-open-inline\">\n\t\t\t<div class=\"elementor-video\"><\/div>\t\t<\/div>\n\t\t\t\t\t\t<\/div>\n\t\t\t\t<\/div>\n\t\t\t\t\t<\/div>\n\t\t\t\t<\/div>\n\t\t<div class=\"elementor-element elementor-element-d9e45cd e-flex e-con-boxed e-con e-parent\" data-id=\"d9e45cd\" data-element_type=\"container\" data-settings=\"{&quot;background_background&quot;:&quot;classic&quot;}\">\n\t\t\t\t\t<div class=\"e-con-inner\">\n\t\t\t\t<div class=\"elementor-element elementor-element-1936720 elementor-widget__width-initial elementor-widget elementor-widget-heading\" data-id=\"1936720\" data-element_type=\"widget\" data-widget_type=\"heading.default\">\n\t\t\t\t\t<h2 class=\"elementor-heading-title elementor-size-default\">Biosseguran\u00e7a<\/h2>\t\t\t\t<\/div>\n\t\t<div class=\"elementor-element elementor-element-beadf01 e-flex e-con-boxed e-con e-child\" data-id=\"beadf01\" data-element_type=\"container\">\n\t\t\t\t\t<div class=\"e-con-inner\">\n\t\t<div class=\"elementor-element elementor-element-97e9abe e-con-full e-flex e-con e-child\" data-id=\"97e9abe\" data-element_type=\"container\" data-settings=\"{&quot;background_background&quot;:&quot;classic&quot;}\">\n\t\t\t\t<div class=\"elementor-element elementor-element-8ba2c62 elementor-widget elementor-widget-heading\" data-id=\"8ba2c62\" data-element_type=\"widget\" data-widget_type=\"heading.default\">\n\t\t\t\t\t<h3 class=\"elementor-heading-title elementor-size-default\"> \nEsteriliza\u00e7\u00e3o dos\ninstrumentos odontol\u00f3gicos<\/h3>\t\t\t\t<\/div>\n\t\t\t\t<div class=\"elementor-element elementor-element-1b19853 elementor-widget__width-inherit elementor-widget elementor-widget-text-editor\" data-id=\"1b19853\" data-element_type=\"widget\" data-widget_type=\"text-editor.default\">\n\t\t\t\t\t\t\t\t\t<p>A biosseguran\u00e7a sempre fez parte da rotina da Sorrisus. Desde antes da pandemia, n\u00f3s atend\u00edamos nossos pacientes com m\u00e1scaras, toucas, \u00f3culos, luvas e jalecos. Nossos instrumentais sempre passaram por uma rotina rigorosa de desinfec\u00e7\u00e3o, lavagem, secagem e esteriliza\u00e7\u00e3o.\u00a0<\/p>\t\t\t\t\t\t\t\t<\/div>\n\t\t\t\t<\/div>\n\t\t<div class=\"elementor-element elementor-element-5e400b9 e-con-full e-flex e-con e-child\" data-id=\"5e400b9\" data-element_type=\"container\" data-settings=\"{&quot;background_background&quot;:&quot;classic&quot;}\">\n\t\t\t\t<div class=\"elementor-element elementor-element-a137ad9 elementor-widget elementor-widget-heading\" data-id=\"a137ad9\" data-element_type=\"widget\" data-widget_type=\"heading.default\">\n\t\t\t\t\t<h3 class=\"elementor-heading-title elementor-size-default\">Central de esteriliza\u00e7\u00e3o\ncomo diferencial<\/h3>\t\t\t\t<\/div>\n\t\t\t\t<div class=\"elementor-element elementor-element-3a3fa55 elementor-widget__width-inherit elementor-widget elementor-widget-text-editor\" data-id=\"3a3fa55\" data-element_type=\"widget\" data-widget_type=\"text-editor.default\">\n\t\t\t\t\t\t\t\t\t<p>Esteriliza\u00e7\u00e3o \u00e9 um processo que promove completa elimina\u00e7\u00e3o ou destrui\u00e7\u00e3o de todas as formas de microorganismos presentes.\u00a0Na Sorrisus Macei\u00f3, seguimos criteriosamente todas as recomenda\u00e7\u00f5es de biosseguran\u00e7a, seguran\u00e7a m\u00e1xima\u00a0para nossos pacientes.<\/p>\t\t\t\t\t\t\t\t<\/div>\n\t\t\t\t<\/div>\n\t\t\t\t\t<\/div>\n\t\t\t\t<\/div>\n\t\t\t\t\t<\/div>\n\t\t\t\t<\/div>\n\t\t\t\t<\/div>\n\t\t","protected":false},"excerpt":{"rendered":"<p>Sejam bem-vindos a Sorrisus Transformando sorrisos e buscando atender as necessidades e desejos de nossos pacientes. Queremos oferecer as melhores solu\u00e7\u00f5es para sua sa\u00fade bucal. Estrutura A Sorrisus Macei\u00f3 busca constante atualiza\u00e7\u00e3o das t\u00e9cnicas odontol\u00f3gicas aliando a tecnologia de \u00faltima gera\u00e7\u00e3o, tudo isso para permitir oferecer solu\u00e7\u00f5es odontol\u00f3gicas para os mais complexos tratamentos. FA\u00c7A NOS [&hellip;]<\/p>\n","protected":false},"author":1,"featured_media":0,"parent":0,"menu_order":0,"comment_status":"closed","ping_status":"closed","template":"","meta":{"footnotes":""},"class_list":["post-200","page","type-page","status-publish","hentry"],"_links":{"self":[{"href":"https:\/\/agenciablnk.com\/sorrisus\/wp-json\/wp\/v2\/pages\/200","targetHints":{"allow":["GET"]}}],"collection":[{"href":"https:\/\/agenciablnk.com\/sorrisus\/wp-json\/wp\/v2\/pages"}],"about":[{"href":"https:\/\/agenciablnk.com\/sorrisus\/wp-json\/wp\/v2\/types\/page"}],"author":[{"embeddable":true,"href":"https:\/\/agenciablnk.com\/sorrisus\/wp-json\/wp\/v2\/users\/1"}],"replies":[{"embeddable":true,"href":"https:\/\/agenciablnk.com\/sorrisus\/wp-json\/wp\/v2\/comments?post=200"}],"version-history":[{"count":52,"href":"https:\/\/agenciablnk.com\/sorrisus\/wp-json\/wp\/v2\/pages\/200\/revisions"}],"predecessor-version":[{"id":533,"href":"https:\/\/agenciablnk.com\/sorrisus\/wp-json\/wp\/v2\/pages\/200\/revisions\/533"}],"wp:attachment":[{"href":"https:\/\/agenciablnk.com\/sorrisus\/wp-json\/wp\/v2\/media?parent=200"}],"curies":[{"name":"wp","href":"https:\/\/api.w.org\/{rel}","templated":true}]}}