{"id":271,"date":"2025-08-14T14:57:33","date_gmt":"2025-08-14T14:57:33","guid":{"rendered":"https:\/\/agenciablnk.com\/sorrisus\/?page_id=271"},"modified":"2025-08-15T13:37:12","modified_gmt":"2025-08-15T13:37:12","slug":"blog","status":"publish","type":"page","link":"https:\/\/agenciablnk.com\/sorrisus\/blog\/","title":{"rendered":"Blog"},"content":{"rendered":"\t\t<div data-elementor-type=\"wp-page\" data-elementor-id=\"271\" class=\"elementor elementor-271\" data-elementor-post-type=\"page\">\n\t\t\t\t<div class=\"elementor-element elementor-element-66e9c8f e-con-full e-flex e-con e-parent\" data-id=\"66e9c8f\" data-element_type=\"container\" data-settings=\"{&quot;background_background&quot;:&quot;classic&quot;}\">\n\t\t\t\t<div class=\"elementor-element elementor-element-dda0a50 elementor-widget__width-initial elementor-widget-mobile__width-inherit elementor-widget elementor-widget-heading\" data-id=\"dda0a50\" data-element_type=\"widget\" data-widget_type=\"heading.default\">\n\t\t\t\t\t<h1 class=\"elementor-heading-title elementor-size-default\">Blog Sorrisus<\/h1>\t\t\t\t<\/div>\n\t\t\t\t<\/div>\n\t\t<div class=\"elementor-element elementor-element-2b52b54 e-flex e-con-boxed e-con e-parent\" data-id=\"2b52b54\" data-element_type=\"container\">\n\t\t\t\t\t<div class=\"e-con-inner\">\n\t\t\t\t<div class=\"elementor-element elementor-element-aacffc0 elementor-grid-3 elementor-grid-tablet-2 elementor-grid-mobile-1 elementor-posts--thumbnail-top elementor-card-shadow-yes elementor-posts__hover-gradient elementor-widget elementor-widget-posts\" data-id=\"aacffc0\" data-element_type=\"widget\" data-settings=\"{&quot;cards_columns&quot;:&quot;3&quot;,&quot;cards_columns_tablet&quot;:&quot;2&quot;,&quot;cards_columns_mobile&quot;:&quot;1&quot;,&quot;cards_row_gap&quot;:{&quot;unit&quot;:&quot;px&quot;,&quot;size&quot;:35,&quot;sizes&quot;:[]},&quot;cards_row_gap_tablet&quot;:{&quot;unit&quot;:&quot;px&quot;,&quot;size&quot;:&quot;&quot;,&quot;sizes&quot;:[]},&quot;cards_row_gap_mobile&quot;:{&quot;unit&quot;:&quot;px&quot;,&quot;size&quot;:&quot;&quot;,&quot;sizes&quot;:[]}}\" data-widget_type=\"posts.cards\">\n\t\t\t\t<div class=\"elementor-widget-container\">\n\t\t\t\t\t\t\t<div class=\"elementor-posts-container elementor-posts elementor-posts--skin-cards elementor-grid\" role=\"list\">\n\t\t\t\t<article class=\"elementor-post elementor-grid-item post-452 post type-post status-publish format-standard has-post-thumbnail hentry category-blog\" role=\"listitem\">\n\t\t\t<div class=\"elementor-post__card\">\n\t\t\t\t<a class=\"elementor-post__thumbnail__link\" href=\"https:\/\/agenciablnk.com\/sorrisus\/um-espaco-digital-que-reflete-nosso-cuidado\/\" tabindex=\"-1\" ><div class=\"elementor-post__thumbnail\"><img fetchpriority=\"high\" decoding=\"async\" width=\"225\" height=\"300\" src=\"https:\/\/agenciablnk.com\/sorrisus\/wp-content\/uploads\/2025\/08\/CONSULTORIO-SORRISUS-MACEIO-3-225x300.jpg\" class=\"attachment-medium size-medium wp-image-65\" alt=\"\" srcset=\"https:\/\/agenciablnk.com\/sorrisus\/wp-content\/uploads\/2025\/08\/CONSULTORIO-SORRISUS-MACEIO-3-225x300.jpg 225w, https:\/\/agenciablnk.com\/sorrisus\/wp-content\/uploads\/2025\/08\/CONSULTORIO-SORRISUS-MACEIO-3-768x1024.jpg 768w, https:\/\/agenciablnk.com\/sorrisus\/wp-content\/uploads\/2025\/08\/CONSULTORIO-SORRISUS-MACEIO-3.jpg 1080w\" sizes=\"(max-width: 225px) 100vw, 225px\" \/><\/div><\/a>\n\t\t\t\t<div class=\"elementor-post__badge\">Blog<\/div>\n\t\t\t\t<div class=\"elementor-post__text\">\n\t\t\t\t<h3 class=\"elementor-post__title\">\n\t\t\t<a href=\"https:\/\/agenciablnk.com\/sorrisus\/um-espaco-digital-que-reflete-nosso-cuidado\/\" >\n\t\t\t\tUm Espa\u00e7o Digital Que Reflete Nosso Cuidado\t\t\t<\/a>\n\t\t<\/h3>\n\t\t\t\t<div class=\"elementor-post__excerpt\">\n\t\t\t<p>O novo site da Sorrisus n\u00e3o \u00e9 apenas bonito: ele foi criado para transmitir confian\u00e7a, cuidado e profissionalismo. Com navega\u00e7\u00e3o intuitiva, informa\u00e7\u00f5es claras sobre tratamentos<\/p>\n\t\t<\/div>\n\t\t\n\t\t<a class=\"elementor-post__read-more\" href=\"https:\/\/agenciablnk.com\/sorrisus\/um-espaco-digital-que-reflete-nosso-cuidado\/\" aria-label=\"Read more about Um Espa\u00e7o Digital Que Reflete Nosso Cuidado\" tabindex=\"-1\" >\n\t\t\tLeia Mais \u00bb\t\t<\/a>\n\n\t\t\t\t<\/div>\n\t\t\t\t<div class=\"elementor-post__meta-data\">\n\t\t\t\t\t<span class=\"elementor-post-date\">\n\t\t\tAugust 15, 2025\t\t<\/span>\n\t\t\t\t<\/div>\n\t\t\t\t\t<\/div>\n\t\t<\/article>\n\t\t\t\t<article class=\"elementor-post elementor-grid-item post-450 post type-post status-publish format-standard has-post-thumbnail hentry category-blog\" role=\"listitem\">\n\t\t\t<div class=\"elementor-post__card\">\n\t\t\t\t<a class=\"elementor-post__thumbnail__link\" href=\"https:\/\/agenciablnk.com\/sorrisus\/agendar-consultas-nunca-foi-tao-facil\/\" tabindex=\"-1\" ><div class=\"elementor-post__thumbnail\"><img decoding=\"async\" width=\"300\" height=\"225\" src=\"https:\/\/agenciablnk.com\/sorrisus\/wp-content\/uploads\/2025\/08\/sorrisus-maceio-tratamentos-300x225.jpeg\" class=\"attachment-medium size-medium wp-image-255\" alt=\"\" srcset=\"https:\/\/agenciablnk.com\/sorrisus\/wp-content\/uploads\/2025\/08\/sorrisus-maceio-tratamentos-300x225.jpeg 300w, https:\/\/agenciablnk.com\/sorrisus\/wp-content\/uploads\/2025\/08\/sorrisus-maceio-tratamentos-768x576.jpeg 768w, https:\/\/agenciablnk.com\/sorrisus\/wp-content\/uploads\/2025\/08\/sorrisus-maceio-tratamentos.jpeg 800w\" sizes=\"(max-width: 300px) 100vw, 300px\" \/><\/div><\/a>\n\t\t\t\t<div class=\"elementor-post__badge\">Blog<\/div>\n\t\t\t\t<div class=\"elementor-post__text\">\n\t\t\t\t<h3 class=\"elementor-post__title\">\n\t\t\t<a href=\"https:\/\/agenciablnk.com\/sorrisus\/agendar-consultas-nunca-foi-tao-facil\/\" >\n\t\t\t\tAgendar Consultas Nunca Foi T\u00e3o F\u00e1cil\t\t\t<\/a>\n\t\t<\/h3>\n\t\t\t\t<div class=\"elementor-post__excerpt\">\n\t\t\t<p>Pensando no conforto dos nossos pacientes, o site da Sorrisus agora conta com um sistema de agendamento online super pr\u00e1tico. Em poucos cliques, voc\u00ea escolhe<\/p>\n\t\t<\/div>\n\t\t\n\t\t<a class=\"elementor-post__read-more\" href=\"https:\/\/agenciablnk.com\/sorrisus\/agendar-consultas-nunca-foi-tao-facil\/\" aria-label=\"Read more about Agendar Consultas Nunca Foi T\u00e3o F\u00e1cil\" tabindex=\"-1\" >\n\t\t\tLeia Mais \u00bb\t\t<\/a>\n\n\t\t\t\t<\/div>\n\t\t\t\t<div class=\"elementor-post__meta-data\">\n\t\t\t\t\t<span class=\"elementor-post-date\">\n\t\t\tAugust 15, 2025\t\t<\/span>\n\t\t\t\t<\/div>\n\t\t\t\t\t<\/div>\n\t\t<\/article>\n\t\t\t\t<article class=\"elementor-post elementor-grid-item post-448 post type-post status-publish format-standard has-post-thumbnail hentry category-blog\" role=\"listitem\">\n\t\t\t<div class=\"elementor-post__card\">\n\t\t\t\t<a class=\"elementor-post__thumbnail__link\" href=\"https:\/\/agenciablnk.com\/sorrisus\/conheca-a-sorrisus-onde-sorrisos-ganham-vida\/\" tabindex=\"-1\" ><div class=\"elementor-post__thumbnail\"><img decoding=\"async\" width=\"300\" height=\"225\" src=\"https:\/\/agenciablnk.com\/sorrisus\/wp-content\/uploads\/2025\/08\/SORRISUS-MACEIO-GALERIA-1-300x225.jpg\" class=\"attachment-medium size-medium wp-image-426\" alt=\"\" srcset=\"https:\/\/agenciablnk.com\/sorrisus\/wp-content\/uploads\/2025\/08\/SORRISUS-MACEIO-GALERIA-1-300x225.jpg 300w, https:\/\/agenciablnk.com\/sorrisus\/wp-content\/uploads\/2025\/08\/SORRISUS-MACEIO-GALERIA-1-768x576.jpg 768w, https:\/\/agenciablnk.com\/sorrisus\/wp-content\/uploads\/2025\/08\/SORRISUS-MACEIO-GALERIA-1.jpg 1024w\" sizes=\"(max-width: 300px) 100vw, 300px\" \/><\/div><\/a>\n\t\t\t\t<div class=\"elementor-post__badge\">Blog<\/div>\n\t\t\t\t<div class=\"elementor-post__text\">\n\t\t\t\t<h3 class=\"elementor-post__title\">\n\t\t\t<a href=\"https:\/\/agenciablnk.com\/sorrisus\/conheca-a-sorrisus-onde-sorrisos-ganham-vida\/\" >\n\t\t\t\tConhe\u00e7a a Sorrisus: Onde Sorrisos Ganham Vida\t\t\t<\/a>\n\t\t<\/h3>\n\t\t\t\t<div class=\"elementor-post__excerpt\">\n\t\t\t<p>O novo site da Sorrisus chegou para transformar a experi\u00eancia dos pacientes! Com um design moderno e intuitivo, agora ficou ainda mais f\u00e1cil conhecer nossos<\/p>\n\t\t<\/div>\n\t\t\n\t\t<a class=\"elementor-post__read-more\" href=\"https:\/\/agenciablnk.com\/sorrisus\/conheca-a-sorrisus-onde-sorrisos-ganham-vida\/\" aria-label=\"Read more about Conhe\u00e7a a Sorrisus: Onde Sorrisos Ganham Vida\" tabindex=\"-1\" >\n\t\t\tLeia Mais \u00bb\t\t<\/a>\n\n\t\t\t\t<\/div>\n\t\t\t\t<div class=\"elementor-post__meta-data\">\n\t\t\t\t\t<span class=\"elementor-post-date\">\n\t\t\tAugust 15, 2025\t\t<\/span>\n\t\t\t\t<\/div>\n\t\t\t\t\t<\/div>\n\t\t<\/article>\n\t\t\t\t<\/div>\n\t\t\n\t\t\t\t\t\t<\/div>\n\t\t\t\t<\/div>\n\t\t\t\t\t<\/div>\n\t\t\t\t<\/div>\n\t\t\t\t<\/div>\n\t\t","protected":false},"excerpt":{"rendered":"<p>Blog Sorrisus<\/p>\n","protected":false},"author":1,"featured_media":0,"parent":0,"menu_order":0,"comment_status":"closed","ping_status":"closed","template":"","meta":{"footnotes":""},"class_list":["post-271","page","type-page","status-publish","hentry"],"_links":{"self":[{"href":"https:\/\/agenciablnk.com\/sorrisus\/wp-json\/wp\/v2\/pages\/271","targetHints":{"allow":["GET"]}}],"collection":[{"href":"https:\/\/agenciablnk.com\/sorrisus\/wp-json\/wp\/v2\/pages"}],"about":[{"href":"https:\/\/agenciablnk.com\/sorrisus\/wp-json\/wp\/v2\/types\/page"}],"author":[{"embeddable":true,"href":"https:\/\/agenciablnk.com\/sorrisus\/wp-json\/wp\/v2\/users\/1"}],"replies":[{"embeddable":true,"href":"https:\/\/agenciablnk.com\/sorrisus\/wp-json\/wp\/v2\/comments?post=271"}],"version-history":[{"count":31,"href":"https:\/\/agenciablnk.com\/sorrisus\/wp-json\/wp\/v2\/pages\/271\/revisions"}],"predecessor-version":[{"id":554,"href":"https:\/\/agenciablnk.com\/sorrisus\/wp-json\/wp\/v2\/pages\/271\/revisions\/554"}],"wp:attachment":[{"href":"https:\/\/agenciablnk.com\/sorrisus\/wp-json\/wp\/v2\/media?parent=271"}],"curies":[{"name":"wp","href":"https:\/\/api.w.org\/{rel}","templated":true}]}}